{"id":2872,"date":"2025-12-04T12:47:43","date_gmt":"2025-12-04T12:47:43","guid":{"rendered":"https:\/\/myusafirm.com\/que-estado-debo-elegir\/"},"modified":"2026-01-09T10:45:06","modified_gmt":"2026-01-09T10:45:06","slug":"que-estado-debo-elegir","status":"publish","type":"page","link":"https:\/\/myusafirm.com\/es\/que-estado-debo-elegir\/","title":{"rendered":"\u00bfQu\u00e9 estado debo elegir?"},"content":{"rendered":"\t\t<div data-elementor-type=\"wp-page\" data-elementor-id=\"2872\" class=\"elementor elementor-2872 elementor-2161\" data-elementor-post-type=\"page\">\n\t\t\t\t<div class=\"elementor-element elementor-element-659d956e e-flex e-con-boxed e-con e-parent\" data-id=\"659d956e\" data-element_type=\"container\" data-e-type=\"container\" data-settings=\"{&quot;background_background&quot;:&quot;classic&quot;}\">\n\t\t\t\t\t<div class=\"e-con-inner\">\n\t\t\t\t<div class=\"elementor-element elementor-element-33bb162e elementor-widget elementor-widget-heading\" data-id=\"33bb162e\" data-element_type=\"widget\" data-e-type=\"widget\" data-widget_type=\"heading.default\">\n\t\t\t\t\t<h1 class=\"elementor-heading-title elementor-size-default\">\u00bfQu\u00e9 estado debo elegir? \n<\/h1>\t\t\t\t<\/div>\n\t\t\t\t\t<\/div>\n\t\t\t\t<\/div>\n\t\t<div class=\"elementor-element elementor-element-c69fe4 e-flex e-con-boxed e-con e-parent\" data-id=\"c69fe4\" data-element_type=\"container\" data-e-type=\"container\">\n\t\t\t\t\t<div class=\"e-con-inner\">\n\t\t<div class=\"elementor-element elementor-element-7f0ae94f e-con-full e-flex e-con e-child\" data-id=\"7f0ae94f\" data-element_type=\"container\" data-e-type=\"container\">\n\t\t<div class=\"elementor-element elementor-element-32ed2fd6 e-con-full e-flex e-con e-child\" data-id=\"32ed2fd6\" data-element_type=\"container\" data-e-type=\"container\">\n\t\t\t\t<div class=\"elementor-element elementor-element-62827060 elementor-widget elementor-widget-image\" data-id=\"62827060\" data-element_type=\"widget\" data-e-type=\"widget\" data-widget_type=\"image.default\">\n\t\t\t\t\t\t\t\t\t\t\t\t\t\t\t<img fetchpriority=\"high\" decoding=\"async\" width=\"800\" height=\"671\" src=\"https:\/\/myusafirm.com\/wp-content\/uploads\/2025\/10\/XXXL.webp\" class=\"attachment-large size-large wp-image-2874\" alt=\"XXXL\" srcset=\"https:\/\/myusafirm.com\/wp-content\/uploads\/2025\/10\/XXXL.webp 940w, https:\/\/myusafirm.com\/wp-content\/uploads\/2025\/10\/XXXL-300x251.webp 300w, https:\/\/myusafirm.com\/wp-content\/uploads\/2025\/10\/XXXL-768x644.webp 768w\" sizes=\"(max-width: 800px) 100vw, 800px\" \/>\t\t\t\t\t\t\t\t\t\t\t\t\t\t\t<\/div>\n\t\t\t\t<\/div>\n\t\t<div class=\"elementor-element elementor-element-35cd83fc e-con-full e-flex e-con e-child\" data-id=\"35cd83fc\" data-element_type=\"container\" data-e-type=\"container\">\n\t\t\t\t<div class=\"elementor-element elementor-element-7603fbe2 elementor-align-left elementor-widget elementor-widget-button\" data-id=\"7603fbe2\" data-element_type=\"widget\" data-e-type=\"widget\" data-widget_type=\"button.default\">\n\t\t\t\t\t\t\t\t\t\t<a class=\"elementor-button elementor-size-sm\" role=\"button\">\n\t\t\t\t\t\t<span class=\"elementor-button-content-wrapper\">\n\t\t\t\t\t\t\t\t\t<span class=\"elementor-button-text\">\u00bfQu\u00e9 estado debo elegir?<\/span>\n\t\t\t\t\t<\/span>\n\t\t\t\t\t<\/a>\n\t\t\t\t\t\t\t\t<\/div>\n\t\t\t\t<div class=\"elementor-element elementor-element-74fd528d elementor-widget elementor-widget-elementskit-heading\" data-id=\"74fd528d\" data-element_type=\"widget\" data-e-type=\"widget\" data-widget_type=\"elementskit-heading.default\">\n\t\t\t\t\t<div class=\"ekit-wid-con\" ><div class=\"ekit-heading elementskit-section-title-wraper text_left   ekit_heading_tablet-   ekit_heading_mobile-\"><h2 class=\"ekit-heading--title elementskit-section-title \">Elija el mejor estado para constituir su LLC o sociedad an\u00f3nima<\/h2><div class=\"ekit_heading_separetor_wraper ekit_heading_elementskit-border-divider ekit-dotted\"><div class=\"elementskit-border-divider ekit-dotted\"><\/div><\/div><\/div><\/div>\t\t\t\t<\/div>\n\t\t\t\t<div class=\"elementor-element elementor-element-2a8c33f2 elementor-widget elementor-widget-text-editor\" data-id=\"2a8c33f2\" data-element_type=\"widget\" data-e-type=\"widget\" data-widget_type=\"text-editor.default\">\n\t\t\t\t\t\t\t\t\t<p>Elegir el estado adecuado es una decisi\u00f3n importante que afecta a los impuestos, la privacidad, la credibilidad y los costes de mantenimiento a largo plazo. <br>A continuaci\u00f3n, encontrar\u00e1 una gu\u00eda clara para residentes y no residentes de EE. UU., que incluye cu\u00e1ndo elegir su estado de origen y cu\u00e1ndo tiene m\u00e1s sentido optar por tres estados populares favorables a las empresas. <\/p>\t\t\t\t\t\t\t\t<\/div>\n\t\t\t\t<\/div>\n\t\t\t\t<\/div>\n\t\t<div class=\"elementor-element elementor-element-41576216 e-con-full e-flex e-con e-child\" data-id=\"41576216\" data-element_type=\"container\" data-e-type=\"container\">\n\t\t<div class=\"elementor-element elementor-element-4b67cba2 e-con-full e-flex e-con e-child\" data-id=\"4b67cba2\" data-element_type=\"container\" data-e-type=\"container\">\n\t\t\t\t<div class=\"elementor-element elementor-element-50ca5a60 elementor-widget elementor-widget-image\" data-id=\"50ca5a60\" data-element_type=\"widget\" data-e-type=\"widget\" data-widget_type=\"image.default\">\n\t\t\t\t\t\t\t\t\t\t\t\t\t\t\t<img decoding=\"async\" width=\"705\" height=\"470\" src=\"https:\/\/myusafirm.com\/wp-content\/uploads\/2025\/10\/RANDcourtyard.webp\" class=\"attachment-large size-large wp-image-2875\" alt=\"RAND+courtyard\" srcset=\"https:\/\/myusafirm.com\/wp-content\/uploads\/2025\/10\/RANDcourtyard.webp 705w, https:\/\/myusafirm.com\/wp-content\/uploads\/2025\/10\/RANDcourtyard-300x200.webp 300w\" sizes=\"(max-width: 705px) 100vw, 705px\" \/>\t\t\t\t\t\t\t\t\t\t\t\t\t\t\t<\/div>\n\t\t\t\t<\/div>\n\t\t<div class=\"elementor-element elementor-element-7e91e6ed e-con-full e-flex e-con e-child\" data-id=\"7e91e6ed\" data-element_type=\"container\" data-e-type=\"container\">\n\t\t\t\t<div class=\"elementor-element elementor-element-246b3c5c elementor-align-left elementor-widget elementor-widget-button\" data-id=\"246b3c5c\" data-element_type=\"widget\" data-e-type=\"widget\" data-widget_type=\"button.default\">\n\t\t\t\t\t\t\t\t\t\t<a class=\"elementor-button elementor-size-sm\" role=\"button\">\n\t\t\t\t\t\t<span class=\"elementor-button-content-wrapper\">\n\t\t\t\t\t\t\t\t\t<span class=\"elementor-button-text\">EIN<\/span>\n\t\t\t\t\t<\/span>\n\t\t\t\t\t<\/a>\n\t\t\t\t\t\t\t\t<\/div>\n\t\t\t\t<div class=\"elementor-element elementor-element-6feb8d3b elementor-widget elementor-widget-elementskit-heading\" data-id=\"6feb8d3b\" data-element_type=\"widget\" data-e-type=\"widget\" data-widget_type=\"elementskit-heading.default\">\n\t\t\t\t\t<div class=\"ekit-wid-con\" ><div class=\"ekit-heading elementskit-section-title-wraper text_left   ekit_heading_tablet-   ekit_heading_mobile-\"><h2 class=\"ekit-heading--title elementskit-section-title \">La mejor opci\u00f3n para los residentes de EE. UU.: su estado de origen <\/h2><div class=\"ekit_heading_separetor_wraper ekit_heading_elementskit-border-divider ekit-dotted\"><div class=\"elementskit-border-divider ekit-dotted\"><\/div><\/div><\/div><\/div>\t\t\t\t<\/div>\n\t\t\t\t<div class=\"elementor-element elementor-element-34887122 elementor-widget elementor-widget-text-editor\" data-id=\"34887122\" data-element_type=\"widget\" data-e-type=\"widget\" data-widget_type=\"text-editor.default\">\n\t\t\t\t\t\t\t\t\t<p>Si reside en Estados Unidos, la opci\u00f3n mejor y m\u00e1s sencilla suele ser:<\/p><ul><li>\u2714 Constituir la empresa en su estado de origen<\/li><li><strong>\u00bfPor qu\u00e9?<\/strong><\/li><\/ul><p><strong>Si constituye su empresa en otro estado (por ejemplo, Delaware o Wyoming) pero opera en su estado de origen, debe:<\/strong><\/p><ul><li>Registrarse como LLC extranjera<\/li><li>Pagar dos series de tarifas<\/li><li>Mantener dos agentes registrados<\/li><li>Presentar dos informes\/renovaciones<\/li><li>Esto cuesta m\u00e1s y a\u00f1ade complejidad.<\/li><\/ul><p><strong>Elija su estado de origen si:<\/strong><\/p><ul><li>Tiene una ubicaci\u00f3n f\u00edsica<\/li><li>Se re\u00fane con clientes a nivel local<\/li><li>Tiene personal contratado<\/li><li>Realiza operaciones en un estado principal<\/li><\/ul>\t\t\t\t\t\t\t\t<\/div>\n\t\t\t\t<\/div>\n\t\t\t\t<\/div>\n\t\t\t\t\t<\/div>\n\t\t\t\t<\/div>\n\t\t<div class=\"elementor-element elementor-element-c9366ba e-flex e-con-boxed e-con e-parent\" data-id=\"c9366ba\" data-element_type=\"container\" data-e-type=\"container\">\n\t\t\t\t\t<div class=\"e-con-inner\">\n\t\t<div class=\"elementor-element elementor-element-670aa76 e-con-full e-flex e-con e-child\" data-id=\"670aa76\" data-element_type=\"container\" data-e-type=\"container\">\n\t\t\t\t<div class=\"elementor-element elementor-element-94b32a0 elementor-widget elementor-widget-elementskit-heading\" data-id=\"94b32a0\" data-element_type=\"widget\" data-e-type=\"widget\" data-widget_type=\"elementskit-heading.default\">\n\t\t\t\t\t<div class=\"ekit-wid-con\" ><div class=\"ekit-heading elementskit-section-title-wraper text_center   ekit_heading_tablet-   ekit_heading_mobile-\"><h2 class=\"ekit-heading--title elementskit-section-title \">Las mejores opciones para no residentes de EE. UU. <\/h2><div class=\"ekit_heading_separetor_wraper ekit_heading_elementskit-border-divider ekit-dotted\"><div class=\"elementskit-border-divider ekit-dotted\"><\/div><\/div><\/div><\/div>\t\t\t\t<\/div>\n\t\t\t\t<div class=\"elementor-element elementor-element-d156c7f elementor-widget elementor-widget-text-editor\" data-id=\"d156c7f\" data-element_type=\"widget\" data-e-type=\"widget\" data-widget_type=\"text-editor.default\">\n\t\t\t\t\t\t\t\t\t<p>Si reside fuera de Estados Unidos, puede elegir cualquier estado.<br>Las tres opciones m\u00e1s comunes y beneficiosas son:<\/p>\t\t\t\t\t\t\t\t<\/div>\n\t\t<div class=\"elementor-element elementor-element-4a38870 e-con-full e-flex e-con e-child\" data-id=\"4a38870\" data-element_type=\"container\" data-e-type=\"container\">\n\t\t<div class=\"elementor-element elementor-element-5bc4fca e-con-full e-flex e-con e-child\" data-id=\"5bc4fca\" data-element_type=\"container\" data-e-type=\"container\">\n\t\t<div class=\"elementor-element elementor-element-87fd9d3 e-con-full e-flex e-con e-child\" data-id=\"87fd9d3\" data-element_type=\"container\" data-e-type=\"container\" data-settings=\"{&quot;background_background&quot;:&quot;classic&quot;}\">\n\t\t\t\t<div class=\"elementor-element elementor-element-6682877 elementor-widget elementor-widget-heading\" data-id=\"6682877\" data-element_type=\"widget\" data-e-type=\"widget\" data-widget_type=\"heading.default\">\n\t\t\t\t\t<p class=\"elementor-heading-title elementor-size-default\">1<\/p>\t\t\t\t<\/div>\n\t\t\t\t<div class=\"elementor-element elementor-element-d886dc7 elementor-widget elementor-widget-heading\" data-id=\"d886dc7\" data-element_type=\"widget\" data-e-type=\"widget\" data-widget_type=\"heading.default\">\n\t\t\t\t\t<h3 class=\"elementor-heading-title elementor-size-default\">Wyoming: privacidad + bajo coste + favorable a los extranjeros \n<\/h3>\t\t\t\t<\/div>\n\t\t\t\t<div class=\"elementor-element elementor-element-143c2d5 elementor-widget elementor-widget-text-editor\" data-id=\"143c2d5\" data-element_type=\"widget\" data-e-type=\"widget\" data-widget_type=\"text-editor.default\">\n\t\t\t\t\t\t\t\t\t<p>\u00bfPor qu\u00e9 los fundadores globales eligen Wyoming?<\/p><ul><li>Sin impuesto estatal sobre la renta<\/li><li>S\u00f3lida privacidad (los propietarios no figuran p\u00fablicamente)<\/li><li>Tasas anuales muy bajas|<\/li><li>Cumplimiento anual sencillo<\/li><li>Procesamiento r\u00e1pido en l\u00ednea<\/li><li>Ideal para negocios en l\u00ednea, consultor\u00eda, comercio electr\u00f3nico<\/li><li>Wyoming es la opci\u00f3n m\u00e1s popular y rentable para los emprendedores no estadounidenses que desean privacidad y sencillez.<\/li><\/ul>\t\t\t\t\t\t\t\t<\/div>\n\t\t\t\t<\/div>\n\t\t<div class=\"elementor-element elementor-element-a4e892d e-con-full e-flex e-con e-child\" data-id=\"a4e892d\" data-element_type=\"container\" data-e-type=\"container\" data-settings=\"{&quot;background_background&quot;:&quot;classic&quot;}\">\n\t\t\t\t<div class=\"elementor-element elementor-element-e979a8b elementor-widget elementor-widget-heading\" data-id=\"e979a8b\" data-element_type=\"widget\" data-e-type=\"widget\" data-widget_type=\"heading.default\">\n\t\t\t\t\t<p class=\"elementor-heading-title elementor-size-default\">2<\/p>\t\t\t\t<\/div>\n\t\t\t\t<div class=\"elementor-element elementor-element-c637471 elementor-widget elementor-widget-heading\" data-id=\"c637471\" data-element_type=\"widget\" data-e-type=\"widget\" data-widget_type=\"heading.default\">\n\t\t\t\t\t<h3 class=\"elementor-heading-title elementor-size-default\">Delaware: lo mejor para empresas emergentes e inversores \n<\/h3>\t\t\t\t<\/div>\n\t\t\t\t<div class=\"elementor-element elementor-element-62e7489 elementor-widget elementor-widget-text-editor\" data-id=\"62e7489\" data-element_type=\"widget\" data-e-type=\"widget\" data-widget_type=\"text-editor.default\">\n\t\t\t\t\t\t\t\t\t<p>Delaware es mundialmente famoso por sus leyes corporativas y su estructura favorable a los inversores.<br><br><strong>Ideal si:<\/strong><\/p><ul><li>Espera inversores<\/li><li>Tiene previsto emitir acciones o crear capital<\/li><li>Desea la m\u00e1xima flexibilidad legal<\/li><li>Desea una jurisdicci\u00f3n corporativa reconocida a nivel mundial<\/li><li>Delaware es la opci\u00f3n preferida para las empresas emergentes, las empresas de tecnolog\u00eda y las empresas que planean obtener capital.<\/li><\/ul>\t\t\t\t\t\t\t\t<\/div>\n\t\t\t\t<\/div>\n\t\t\t\t<\/div>\n\t\t<div class=\"elementor-element elementor-element-2eb46f3 e-con-full e-flex e-con e-child\" data-id=\"2eb46f3\" data-element_type=\"container\" data-e-type=\"container\">\n\t\t<div class=\"elementor-element elementor-element-875884f e-con-full e-flex e-con e-child\" data-id=\"875884f\" data-element_type=\"container\" data-e-type=\"container\" data-settings=\"{&quot;background_background&quot;:&quot;classic&quot;}\">\n\t\t\t\t<div class=\"elementor-element elementor-element-cce382c elementor-widget elementor-widget-heading\" data-id=\"cce382c\" data-element_type=\"widget\" data-e-type=\"widget\" data-widget_type=\"heading.default\">\n\t\t\t\t\t<p class=\"elementor-heading-title elementor-size-default\">3<\/p>\t\t\t\t<\/div>\n\t\t\t\t<div class=\"elementor-element elementor-element-b3af6ff elementor-widget elementor-widget-heading\" data-id=\"b3af6ff\" data-element_type=\"widget\" data-e-type=\"widget\" data-widget_type=\"heading.default\">\n\t\t\t\t\t<h3 class=\"elementor-heading-title elementor-size-default\">Texas: los costes de cumplimiento continuos m\u00e1s bajos \n<\/h3>\t\t\t\t<\/div>\n\t\t\t\t<div class=\"elementor-element elementor-element-339a229 elementor-widget elementor-widget-text-editor\" data-id=\"339a229\" data-element_type=\"widget\" data-e-type=\"widget\" data-widget_type=\"text-editor.default\">\n\t\t\t\t\t\t\t\t\t<p>Texas es una excelente opci\u00f3n para los propietarios de negocios no estadounidenses que desean un estado grande y cre\u00edble con costes anuales m\u00ednimos, especialmente para las operaciones a largo plazo.<\/p><p>\u00bfPor qu\u00e9 Texas atrae a los fundadores internacionales?<\/p><ul><li>Sin impuesto estatal sobre la renta<\/li><li>Sin impuesto de franquicia hasta que supere el umbral (aprox. 2,47 millones de d\u00f3lares en ingresos anuales)<\/li><li>Renovaci\u00f3n anual sencilla<\/li><li>Entorno empresarial grande y respetado<\/li><li>S\u00f3lida infraestructura para la log\u00edstica, el comercio electr\u00f3nico y la importaci\u00f3n\/exportaci\u00f3n<\/li><li>Texas ofrece el coste de cumplimiento continuo m\u00e1s bajo entre los estados grandes, lo que lo hace atractivo para las empresas que desean una presencia cre\u00edble en EE. UU. sin elevadas tasas anuales.<\/li><\/ul>\t\t\t\t\t\t\t\t<\/div>\n\t\t\t\t<\/div>\n\t\t\t\t<\/div>\n\t\t\t\t<\/div>\n\t\t\t\t<\/div>\n\t\t\t\t\t<\/div>\n\t\t\t\t<\/div>\n\t\t<div class=\"elementor-element elementor-element-bb2299d e-flex e-con-boxed e-con e-parent\" data-id=\"bb2299d\" data-element_type=\"container\" data-e-type=\"container\" data-settings=\"{&quot;background_background&quot;:&quot;classic&quot;}\">\n\t\t\t\t\t<div class=\"e-con-inner\">\n\t\t<div class=\"elementor-element elementor-element-25bc980 e-con-full e-flex e-con e-child\" data-id=\"25bc980\" data-element_type=\"container\" data-e-type=\"container\">\n\t\t\t\t<div class=\"elementor-element elementor-element-f63c7ed elementor-widget elementor-widget-elementskit-heading\" data-id=\"f63c7ed\" data-element_type=\"widget\" data-e-type=\"widget\" data-widget_type=\"elementskit-heading.default\">\n\t\t\t\t\t<div class=\"ekit-wid-con\" ><div class=\"ekit-heading elementskit-section-title-wraper text_center   ekit_heading_tablet-   ekit_heading_mobile-\"><h2 class=\"ekit-heading--title elementskit-section-title \">\u00bfQu\u00e9 estado debe elegir?<\/h2><div class=\"ekit_heading_separetor_wraper ekit_heading_elementskit-border-divider ekit-dotted\"><div class=\"elementskit-border-divider ekit-dotted\"><\/div><\/div><\/div><\/div>\t\t\t\t<\/div>\n\t\t\t\t<div class=\"elementor-element elementor-element-020c3e4 elementor-widget elementor-widget-tablepress-table\" data-id=\"020c3e4\" data-element_type=\"widget\" data-e-type=\"widget\" data-widget_type=\"tablepress-table.default\">\n\t\t\t\t\t\n<table id=\"tablepress-3\" class=\"tablepress tablepress-id-3\">\n<thead>\n<tr class=\"row-1\">\n\t<th class=\"column-1\">Situation<\/th><th class=\"column-2\">Best State<\/th><th class=\"column-3\">Reason<\/th>\n<\/tr>\n<\/thead>\n<tbody class=\"row-striping row-hover\">\n<tr class=\"row-2\">\n\t<td class=\"column-1\">You live in the U.S.<\/td><td class=\"column-2\">Your home state<\/td><td class=\"column-3\">Avoid double fees and foreign registration<\/td>\n<\/tr>\n<tr class=\"row-3\">\n\t<td class=\"column-1\">You live outside the U.S.<\/td><td class=\"column-2\">Wyoming<\/td><td class=\"column-3\">Lowest fees + privacy + simplicity<\/td>\n<\/tr>\n<tr class=\"row-4\">\n\t<td class=\"column-1\">You want investors\/VC<\/td><td class=\"column-2\">Delaware<\/td><td class=\"column-3\">Best legal framework for funding<\/td>\n<\/tr>\n<tr class=\"row-5\">\n\t<td class=\"column-1\">You want the lowest ongoing compliance costs<\/td><td class=\"column-2\">Texas<\/td><td class=\"column-3\">No state tax + threshold exemption<\/td>\n<\/tr>\n<tr class=\"row-6\">\n\t<td class=\"column-1\">You run an online business<\/td><td class=\"column-2\">Wyoming or Texas<\/td><td class=\"column-3\">Tax-friendly and easy to maintain<\/td>\n<\/tr>\n<tr class=\"row-7\">\n\t<td class=\"column-1\">You want strong privacy<\/td><td class=\"column-2\">Wyoming<\/td><td class=\"column-3\">No public owner listing<\/td>\n<\/tr>\n<tr class=\"row-8\">\n\t<td class=\"column-1\">You want a large economic environment<\/td><td class=\"column-2\">Texas<\/td><td class=\"column-3\">Big market + strong logistics<\/td>\n<\/tr>\n<\/tbody>\n<\/table>\n<!-- #tablepress-3 from cache -->\t\t\t\t<\/div>\n\t\t\t\t<\/div>\n\t\t\t\t\t<\/div>\n\t\t\t\t<\/div>\n\t\t<div class=\"elementor-element elementor-element-39135fae e-flex e-con-boxed e-con e-parent\" data-id=\"39135fae\" data-element_type=\"container\" data-e-type=\"container\">\n\t\t\t\t\t<div class=\"e-con-inner\">\n\t\t<div class=\"elementor-element elementor-element-7bfa6002 e-con-full e-flex e-con e-child\" data-id=\"7bfa6002\" data-element_type=\"container\" data-e-type=\"container\">\n\t\t<div class=\"elementor-element elementor-element-3a923dae e-con-full e-flex e-con e-child\" data-id=\"3a923dae\" data-element_type=\"container\" data-e-type=\"container\">\n\t\t<div class=\"elementor-element elementor-element-72034f81 e-con-full e-flex e-con e-child\" data-id=\"72034f81\" data-element_type=\"container\" data-e-type=\"container\">\n\t\t\t\t<div class=\"elementor-element elementor-element-537c6739 elementor-widget elementor-widget-image\" data-id=\"537c6739\" data-element_type=\"widget\" data-e-type=\"widget\" data-widget_type=\"image.default\">\n\t\t\t\t\t\t\t\t\t\t\t\t\t\t\t<img decoding=\"async\" width=\"800\" height=\"534\" src=\"https:\/\/myusafirm.com\/wp-content\/uploads\/2025\/12\/image-26-1024x683.webp\" class=\"attachment-large size-large wp-image-2876\" alt=\"image (26)\" srcset=\"https:\/\/myusafirm.com\/wp-content\/uploads\/2025\/12\/image-26-1024x683.webp 1024w, https:\/\/myusafirm.com\/wp-content\/uploads\/2025\/12\/image-26-300x200.webp 300w, https:\/\/myusafirm.com\/wp-content\/uploads\/2025\/12\/image-26-768x512.webp 768w, https:\/\/myusafirm.com\/wp-content\/uploads\/2025\/12\/image-26.webp 1263w\" sizes=\"(max-width: 800px) 100vw, 800px\" \/>\t\t\t\t\t\t\t\t\t\t\t\t\t\t\t<\/div>\n\t\t\t\t<\/div>\n\t\t<div class=\"elementor-element elementor-element-26329960 e-con-full e-flex e-con e-child\" data-id=\"26329960\" data-element_type=\"container\" data-e-type=\"container\">\n\t\t\t\t<div class=\"elementor-element elementor-element-2cda0ac2 elementor-widget elementor-widget-elementskit-heading\" data-id=\"2cda0ac2\" data-element_type=\"widget\" data-e-type=\"widget\" data-widget_type=\"elementskit-heading.default\">\n\t\t\t\t\t<div class=\"ekit-wid-con\" ><div class=\"ekit-heading elementskit-section-title-wraper text_left   ekit_heading_tablet-   ekit_heading_mobile-\"><h2 class=\"ekit-heading--title elementskit-section-title \">\u00bfNecesita ayuda para elegir? <\/h2><div class=\"ekit_heading_separetor_wraper ekit_heading_elementskit-border-divider ekit-dotted\"><div class=\"elementskit-border-divider ekit-dotted\"><\/div><\/div><\/div><\/div>\t\t\t\t<\/div>\n\t\t\t\t<div class=\"elementor-element elementor-element-6fbee6ab elementor-widget elementor-widget-text-editor\" data-id=\"6fbee6ab\" data-element_type=\"widget\" data-e-type=\"widget\" data-widget_type=\"text-editor.default\">\n\t\t\t\t\t\t\t\t\t<p>Evaluamos:<\/p><ul><li>Su modelo de negocio<\/li><li>D\u00f3nde opera<\/li><li>Si es residente o no de EE. UU.<\/li><li>Sus objetivos fiscales<\/li><li>Si desea la configuraci\u00f3n m\u00e1s sencilla<\/li><li>Si le importan los inversores, la privacidad o las bajas tarifas<\/li><li>Requisitos de comercio electr\u00f3nico o mercado<\/li><li>Recomendamos el mejor estado con una orientaci\u00f3n honesta y transparente.<\/li><\/ul>\t\t\t\t\t\t\t\t<\/div>\n\t\t\t\t<\/div>\n\t\t\t\t<\/div>\n\t\t\t\t<\/div>\n\t\t\t\t\t<\/div>\n\t\t\t\t<\/div>\n\t\t\t\t<\/div>\n\t\t","protected":false},"excerpt":{"rendered":"<p>\u00bfQu\u00e9 estado debo elegir? \u00bfQu\u00e9 estado debo elegir? Elija el mejor estado para constituir su LLC o sociedad an\u00f3nima Elegir el estado adecuado es una decisi\u00f3n importante que afecta a los impuestos, la privacidad, la credibilidad y los costes de mantenimiento a largo plazo. A continuaci\u00f3n, encontrar\u00e1 una gu\u00eda clara para residentes y no residentes [&hellip;]<\/p>\n","protected":false},"author":2,"featured_media":0,"parent":0,"menu_order":0,"comment_status":"closed","ping_status":"closed","template":"","meta":{"footnotes":""},"class_list":["post-2872","page","type-page","status-publish","hentry"],"_links":{"self":[{"href":"https:\/\/myusafirm.com\/es\/wp-json\/wp\/v2\/pages\/2872","targetHints":{"allow":["GET"]}}],"collection":[{"href":"https:\/\/myusafirm.com\/es\/wp-json\/wp\/v2\/pages"}],"about":[{"href":"https:\/\/myusafirm.com\/es\/wp-json\/wp\/v2\/types\/page"}],"author":[{"embeddable":true,"href":"https:\/\/myusafirm.com\/es\/wp-json\/wp\/v2\/users\/2"}],"replies":[{"embeddable":true,"href":"https:\/\/myusafirm.com\/es\/wp-json\/wp\/v2\/comments?post=2872"}],"version-history":[{"count":6,"href":"https:\/\/myusafirm.com\/es\/wp-json\/wp\/v2\/pages\/2872\/revisions"}],"predecessor-version":[{"id":6906,"href":"https:\/\/myusafirm.com\/es\/wp-json\/wp\/v2\/pages\/2872\/revisions\/6906"}],"wp:attachment":[{"href":"https:\/\/myusafirm.com\/es\/wp-json\/wp\/v2\/media?parent=2872"}],"curies":[{"name":"wp","href":"https:\/\/api.w.org\/{rel}","templated":true}]}}