{"id":2904,"date":"2025-12-04T12:47:43","date_gmt":"2025-12-04T12:47:43","guid":{"rendered":"https:\/\/myusafirm.com\/hangi-eyaleti-secmeliyim\/"},"modified":"2026-01-09T10:45:06","modified_gmt":"2026-01-09T10:45:06","slug":"hangi-eyaleti-secmeliyim","status":"publish","type":"page","link":"https:\/\/myusafirm.com\/tr\/hangi-eyaleti-secmeliyim\/","title":{"rendered":"Hangi Eyaleti Se\u00e7meliyim?"},"content":{"rendered":"\t\t<div data-elementor-type=\"wp-page\" data-elementor-id=\"2904\" class=\"elementor elementor-2904 elementor-2161\" data-elementor-post-type=\"page\">\n\t\t\t\t<div class=\"elementor-element elementor-element-659d956e e-flex e-con-boxed e-con e-parent\" data-id=\"659d956e\" data-element_type=\"container\" data-e-type=\"container\" data-settings=\"{&quot;background_background&quot;:&quot;classic&quot;}\">\n\t\t\t\t\t<div class=\"e-con-inner\">\n\t\t\t\t<div class=\"elementor-element elementor-element-33bb162e elementor-widget elementor-widget-heading\" data-id=\"33bb162e\" data-element_type=\"widget\" data-e-type=\"widget\" data-widget_type=\"heading.default\">\n\t\t\t\t\t<h1 class=\"elementor-heading-title elementor-size-default\">Hangi Eyaleti Se\u00e7meliyim? \n<\/h1>\t\t\t\t<\/div>\n\t\t\t\t\t<\/div>\n\t\t\t\t<\/div>\n\t\t<div class=\"elementor-element elementor-element-c69fe4 e-flex e-con-boxed e-con e-parent\" data-id=\"c69fe4\" data-element_type=\"container\" data-e-type=\"container\">\n\t\t\t\t\t<div class=\"e-con-inner\">\n\t\t<div class=\"elementor-element elementor-element-7f0ae94f e-con-full e-flex e-con e-child\" data-id=\"7f0ae94f\" data-element_type=\"container\" data-e-type=\"container\">\n\t\t<div class=\"elementor-element elementor-element-32ed2fd6 e-con-full e-flex e-con e-child\" data-id=\"32ed2fd6\" data-element_type=\"container\" data-e-type=\"container\">\n\t\t\t\t<div class=\"elementor-element elementor-element-62827060 elementor-widget elementor-widget-image\" data-id=\"62827060\" data-element_type=\"widget\" data-e-type=\"widget\" data-widget_type=\"image.default\">\n\t\t\t\t\t\t\t\t\t\t\t\t\t\t\t<img fetchpriority=\"high\" decoding=\"async\" width=\"800\" height=\"671\" src=\"https:\/\/myusafirm.com\/wp-content\/uploads\/2025\/10\/XXXL.webp\" class=\"attachment-large size-large wp-image-2906\" alt=\"XXXL\" srcset=\"https:\/\/myusafirm.com\/wp-content\/uploads\/2025\/10\/XXXL.webp 940w, https:\/\/myusafirm.com\/wp-content\/uploads\/2025\/10\/XXXL-300x251.webp 300w, https:\/\/myusafirm.com\/wp-content\/uploads\/2025\/10\/XXXL-768x644.webp 768w\" sizes=\"(max-width: 800px) 100vw, 800px\" \/>\t\t\t\t\t\t\t\t\t\t\t\t\t\t\t<\/div>\n\t\t\t\t<\/div>\n\t\t<div class=\"elementor-element elementor-element-35cd83fc e-con-full e-flex e-con e-child\" data-id=\"35cd83fc\" data-element_type=\"container\" data-e-type=\"container\">\n\t\t\t\t<div class=\"elementor-element elementor-element-7603fbe2 elementor-align-left elementor-widget elementor-widget-button\" data-id=\"7603fbe2\" data-element_type=\"widget\" data-e-type=\"widget\" data-widget_type=\"button.default\">\n\t\t\t\t\t\t\t\t\t\t<a class=\"elementor-button elementor-size-sm\" role=\"button\">\n\t\t\t\t\t\t<span class=\"elementor-button-content-wrapper\">\n\t\t\t\t\t\t\t\t\t<span class=\"elementor-button-text\">Hangi Eyaleti Se\u00e7meliyim?<\/span>\n\t\t\t\t\t<\/span>\n\t\t\t\t\t<\/a>\n\t\t\t\t\t\t\t\t<\/div>\n\t\t\t\t<div class=\"elementor-element elementor-element-74fd528d elementor-widget elementor-widget-elementskit-heading\" data-id=\"74fd528d\" data-element_type=\"widget\" data-e-type=\"widget\" data-widget_type=\"elementskit-heading.default\">\n\t\t\t\t\t<div class=\"ekit-wid-con\" ><div class=\"ekit-heading elementskit-section-title-wraper text_left   ekit_heading_tablet-   ekit_heading_mobile-\"><h2 class=\"ekit-heading--title elementskit-section-title \">LLC veya \u015eirketinizi Kurmak \u0130\u00e7in En \u0130yi Eyaleti Se\u00e7in<\/h2><div class=\"ekit_heading_separetor_wraper ekit_heading_elementskit-border-divider ekit-dotted\"><div class=\"elementskit-border-divider ekit-dotted\"><\/div><\/div><\/div><\/div>\t\t\t\t<\/div>\n\t\t\t\t<div class=\"elementor-element elementor-element-2a8c33f2 elementor-widget elementor-widget-text-editor\" data-id=\"2a8c33f2\" data-element_type=\"widget\" data-e-type=\"widget\" data-widget_type=\"text-editor.default\">\n\t\t\t\t\t\t\t\t\t<p>Do\u011fru eyaleti se\u00e7mek, vergileri, gizlili\u011fi, g\u00fcvenilirli\u011fi ve uzun vadeli bak\u0131m maliyetlerini etkileyen \u00f6nemli bir karard\u0131r. <br>A\u015fa\u011f\u0131da, ABD'de ikamet edenler ve ABD'li olmayanlar i\u00e7in, ne zaman kendi eyaletinizi se\u00e7meniz gerekti\u011fi ve ne zaman \u00fc\u00e7 pop\u00fcler i\u015f dostu eyaletin daha mant\u0131kl\u0131 oldu\u011fu konusunda net bir rehber bulunmaktad\u0131r. <\/p>\t\t\t\t\t\t\t\t<\/div>\n\t\t\t\t<\/div>\n\t\t\t\t<\/div>\n\t\t<div class=\"elementor-element elementor-element-41576216 e-con-full e-flex e-con e-child\" data-id=\"41576216\" data-element_type=\"container\" data-e-type=\"container\">\n\t\t<div class=\"elementor-element elementor-element-4b67cba2 e-con-full e-flex e-con e-child\" data-id=\"4b67cba2\" data-element_type=\"container\" data-e-type=\"container\">\n\t\t\t\t<div class=\"elementor-element elementor-element-50ca5a60 elementor-widget elementor-widget-image\" data-id=\"50ca5a60\" data-element_type=\"widget\" data-e-type=\"widget\" data-widget_type=\"image.default\">\n\t\t\t\t\t\t\t\t\t\t\t\t\t\t\t<img decoding=\"async\" width=\"705\" height=\"470\" src=\"https:\/\/myusafirm.com\/wp-content\/uploads\/2025\/10\/RANDcourtyard.webp\" class=\"attachment-large size-large wp-image-2907\" alt=\"RAND+courtyard\" srcset=\"https:\/\/myusafirm.com\/wp-content\/uploads\/2025\/10\/RANDcourtyard.webp 705w, https:\/\/myusafirm.com\/wp-content\/uploads\/2025\/10\/RANDcourtyard-300x200.webp 300w\" sizes=\"(max-width: 705px) 100vw, 705px\" \/>\t\t\t\t\t\t\t\t\t\t\t\t\t\t\t<\/div>\n\t\t\t\t<\/div>\n\t\t<div class=\"elementor-element elementor-element-7e91e6ed e-con-full e-flex e-con e-child\" data-id=\"7e91e6ed\" data-element_type=\"container\" data-e-type=\"container\">\n\t\t\t\t<div class=\"elementor-element elementor-element-246b3c5c elementor-align-left elementor-widget elementor-widget-button\" data-id=\"246b3c5c\" data-element_type=\"widget\" data-e-type=\"widget\" data-widget_type=\"button.default\">\n\t\t\t\t\t\t\t\t\t\t<a class=\"elementor-button elementor-size-sm\" role=\"button\">\n\t\t\t\t\t\t<span class=\"elementor-button-content-wrapper\">\n\t\t\t\t\t\t\t\t\t<span class=\"elementor-button-text\">EIN (Vergi Kimlik Numaras\u0131)<\/span>\n\t\t\t\t\t<\/span>\n\t\t\t\t\t<\/a>\n\t\t\t\t\t\t\t\t<\/div>\n\t\t\t\t<div class=\"elementor-element elementor-element-6feb8d3b elementor-widget elementor-widget-elementskit-heading\" data-id=\"6feb8d3b\" data-element_type=\"widget\" data-e-type=\"widget\" data-widget_type=\"elementskit-heading.default\">\n\t\t\t\t\t<div class=\"ekit-wid-con\" ><div class=\"ekit-heading elementskit-section-title-wraper text_left   ekit_heading_tablet-   ekit_heading_mobile-\"><h2 class=\"ekit-heading--title elementskit-section-title \">ABD'de \u0130kamet Edenler \u0130\u00e7in En \u0130yi Se\u00e7enek: Kendi Eyaletiniz <\/h2><div class=\"ekit_heading_separetor_wraper ekit_heading_elementskit-border-divider ekit-dotted\"><div class=\"elementskit-border-divider ekit-dotted\"><\/div><\/div><\/div><\/div>\t\t\t\t<\/div>\n\t\t\t\t<div class=\"elementor-element elementor-element-34887122 elementor-widget elementor-widget-text-editor\" data-id=\"34887122\" data-element_type=\"widget\" data-e-type=\"widget\" data-widget_type=\"text-editor.default\">\n\t\t\t\t\t\t\t\t\t<p>Amerika Birle\u015fik Devletleri'nde ya\u015f\u0131yorsan\u0131z, genellikle en iyi ve en basit se\u00e7enek:<\/p><ul><li>\u2714 Kendi eyaletinizde \u015firket kurun<\/li><li><strong>Neden?<\/strong><\/li><\/ul><p><strong>\u015eirketinizi ba\u015fka bir eyalette (\u00f6rne\u011fin Delaware veya Wyoming) kurup kendi eyaletinizde faaliyet g\u00f6sterirseniz, \u015funlar\u0131 yapman\u0131z gerekir:<\/strong><\/p><ul><li>Yabanc\u0131 LLC olarak kay\u0131t yapt\u0131rmak<\/li><li>\u0130ki set \u00fccret \u00f6demek<\/li><li>\u0130ki kay\u0131tl\u0131 temsilci bulundurmak<\/li><li>\u0130ki rapor\/yenileme dosyalamak<\/li><li>Bu daha maliyetli ve karma\u015f\u0131kt\u0131r.<\/li><\/ul><p><strong>\u015eu durumlarda kendi eyaletinizi se\u00e7in:<\/strong><\/p><ul><li>Fiziksel bir lokasyonunuz varsa<\/li><li>M\u00fc\u015fterilerle yerel olarak g\u00f6r\u00fc\u015f\u00fcyorsan\u0131z<\/li><li>Personel istihdam ediyorsan\u0131z<\/li><li>Operasyonlar\u0131n\u0131z\u0131 tek bir ana eyalette y\u00fcr\u00fct\u00fcyorsan\u0131z<\/li><\/ul>\t\t\t\t\t\t\t\t<\/div>\n\t\t\t\t<\/div>\n\t\t\t\t<\/div>\n\t\t\t\t\t<\/div>\n\t\t\t\t<\/div>\n\t\t<div class=\"elementor-element elementor-element-c9366ba e-flex e-con-boxed e-con e-parent\" data-id=\"c9366ba\" data-element_type=\"container\" data-e-type=\"container\">\n\t\t\t\t\t<div class=\"e-con-inner\">\n\t\t<div class=\"elementor-element elementor-element-670aa76 e-con-full e-flex e-con e-child\" data-id=\"670aa76\" data-element_type=\"container\" data-e-type=\"container\">\n\t\t\t\t<div class=\"elementor-element elementor-element-94b32a0 elementor-widget elementor-widget-elementskit-heading\" data-id=\"94b32a0\" data-element_type=\"widget\" data-e-type=\"widget\" data-widget_type=\"elementskit-heading.default\">\n\t\t\t\t\t<div class=\"ekit-wid-con\" ><div class=\"ekit-heading elementskit-section-title-wraper text_center   ekit_heading_tablet-   ekit_heading_mobile-\"><h2 class=\"ekit-heading--title elementskit-section-title \">ABD Vatanda\u015f\u0131 Olmayanlar \u0130\u00e7in En \u0130yi Se\u00e7enekler <\/h2><div class=\"ekit_heading_separetor_wraper ekit_heading_elementskit-border-divider ekit-dotted\"><div class=\"elementskit-border-divider ekit-dotted\"><\/div><\/div><\/div><\/div>\t\t\t\t<\/div>\n\t\t\t\t<div class=\"elementor-element elementor-element-d156c7f elementor-widget elementor-widget-text-editor\" data-id=\"d156c7f\" data-element_type=\"widget\" data-e-type=\"widget\" data-widget_type=\"text-editor.default\">\n\t\t\t\t\t\t\t\t\t<p>Amerika Birle\u015fik Devletleri d\u0131\u015f\u0131nda ya\u015f\u0131yorsan\u0131z, herhangi bir eyaleti se\u00e7ebilirsiniz.<br>En yayg\u0131n ve faydal\u0131 \u00fc\u00e7 se\u00e7enek \u015funlard\u0131r:<\/p>\t\t\t\t\t\t\t\t<\/div>\n\t\t<div class=\"elementor-element elementor-element-4a38870 e-con-full e-flex e-con e-child\" data-id=\"4a38870\" data-element_type=\"container\" data-e-type=\"container\">\n\t\t<div class=\"elementor-element elementor-element-5bc4fca e-con-full e-flex e-con e-child\" data-id=\"5bc4fca\" data-element_type=\"container\" data-e-type=\"container\">\n\t\t<div class=\"elementor-element elementor-element-87fd9d3 e-con-full e-flex e-con e-child\" data-id=\"87fd9d3\" data-element_type=\"container\" data-e-type=\"container\" data-settings=\"{&quot;background_background&quot;:&quot;classic&quot;}\">\n\t\t\t\t<div class=\"elementor-element elementor-element-6682877 elementor-widget elementor-widget-heading\" data-id=\"6682877\" data-element_type=\"widget\" data-e-type=\"widget\" data-widget_type=\"heading.default\">\n\t\t\t\t\t<p class=\"elementor-heading-title elementor-size-default\">1<\/p>\t\t\t\t<\/div>\n\t\t\t\t<div class=\"elementor-element elementor-element-d886dc7 elementor-widget elementor-widget-heading\" data-id=\"d886dc7\" data-element_type=\"widget\" data-e-type=\"widget\" data-widget_type=\"heading.default\">\n\t\t\t\t\t<h3 class=\"elementor-heading-title elementor-size-default\">Wyoming \u2014 Gizlilik + D\u00fc\u015f\u00fck Maliyet + Yabanc\u0131 Dostu \n<\/h3>\t\t\t\t<\/div>\n\t\t\t\t<div class=\"elementor-element elementor-element-143c2d5 elementor-widget elementor-widget-text-editor\" data-id=\"143c2d5\" data-element_type=\"widget\" data-e-type=\"widget\" data-widget_type=\"text-editor.default\">\n\t\t\t\t\t\t\t\t\t<p>Global kurucular\u0131n Wyoming'i se\u00e7me nedenleri:<\/p><ul><li>Eyalet gelir vergisi yok<\/li><li>G\u00fc\u00e7l\u00fc gizlilik (sahipler kamuya a\u00e7\u0131k listelenmez)<\/li><li>\u00c7ok d\u00fc\u015f\u00fck y\u0131ll\u0131k \u00fccretler<\/li><li>Basit y\u0131ll\u0131k uyum gereklilikleri<\/li><li>H\u0131zl\u0131 \u00e7evrimi\u00e7i i\u015flem<\/li><li>Online i\u015fletmeler, dan\u0131\u015fmanl\u0131k, e-ticaret i\u00e7in m\u00fckemmel<\/li><li>Wyoming, gizlilik ve basitlik isteyen ABD d\u0131\u015f\u0131ndan giri\u015fimciler i\u00e7in en pop\u00fcler ve en uygun maliyetli se\u00e7enektir.<\/li><\/ul>\t\t\t\t\t\t\t\t<\/div>\n\t\t\t\t<\/div>\n\t\t<div class=\"elementor-element elementor-element-a4e892d e-con-full e-flex e-con e-child\" data-id=\"a4e892d\" data-element_type=\"container\" data-e-type=\"container\" data-settings=\"{&quot;background_background&quot;:&quot;classic&quot;}\">\n\t\t\t\t<div class=\"elementor-element elementor-element-e979a8b elementor-widget elementor-widget-heading\" data-id=\"e979a8b\" data-element_type=\"widget\" data-e-type=\"widget\" data-widget_type=\"heading.default\">\n\t\t\t\t\t<p class=\"elementor-heading-title elementor-size-default\">2<\/p>\t\t\t\t<\/div>\n\t\t\t\t<div class=\"elementor-element elementor-element-c637471 elementor-widget elementor-widget-heading\" data-id=\"c637471\" data-element_type=\"widget\" data-e-type=\"widget\" data-widget_type=\"heading.default\">\n\t\t\t\t\t<h3 class=\"elementor-heading-title elementor-size-default\">Delaware \u2014 Startuplar ve Yat\u0131r\u0131mc\u0131lar \u0130\u00e7in En \u0130yi Se\u00e7enek \n<\/h3>\t\t\t\t<\/div>\n\t\t\t\t<div class=\"elementor-element elementor-element-62e7489 elementor-widget elementor-widget-text-editor\" data-id=\"62e7489\" data-element_type=\"widget\" data-e-type=\"widget\" data-widget_type=\"text-editor.default\">\n\t\t\t\t\t\t\t\t\t<p>Delaware, kurumsal yasalar\u0131 ve yat\u0131r\u0131mc\u0131 dostu yap\u0131s\u0131yla d\u00fcnya \u00e7ap\u0131nda \u00fcnl\u00fcd\u00fcr.<br><br><strong>\u015eu durumlarda idealdir:<\/strong><\/p><ul><li>Yat\u0131r\u0131mc\u0131 bekliyorsan\u0131z<\/li><li>Hisse senedi \u00e7\u0131karmay\u0131 veya \u00f6z sermaye olu\u015fturmay\u0131 planl\u0131yorsan\u0131z<\/li><li>Maksimum yasal esneklik istiyorsan\u0131z<\/li><li>K\u00fcresel olarak tan\u0131nan bir kurumsal yarg\u0131 alan\u0131 istiyorsan\u0131z<\/li><li>Delaware, startuplar, teknoloji \u015firketleri ve sermaye art\u0131rmay\u0131 planlayan i\u015fletmeler i\u00e7in tercih edilen se\u00e7enektir.<\/li><\/ul>\t\t\t\t\t\t\t\t<\/div>\n\t\t\t\t<\/div>\n\t\t\t\t<\/div>\n\t\t<div class=\"elementor-element elementor-element-2eb46f3 e-con-full e-flex e-con e-child\" data-id=\"2eb46f3\" data-element_type=\"container\" data-e-type=\"container\">\n\t\t<div class=\"elementor-element elementor-element-875884f e-con-full e-flex e-con e-child\" data-id=\"875884f\" data-element_type=\"container\" data-e-type=\"container\" data-settings=\"{&quot;background_background&quot;:&quot;classic&quot;}\">\n\t\t\t\t<div class=\"elementor-element elementor-element-cce382c elementor-widget elementor-widget-heading\" data-id=\"cce382c\" data-element_type=\"widget\" data-e-type=\"widget\" data-widget_type=\"heading.default\">\n\t\t\t\t\t<p class=\"elementor-heading-title elementor-size-default\">3<\/p>\t\t\t\t<\/div>\n\t\t\t\t<div class=\"elementor-element elementor-element-b3af6ff elementor-widget elementor-widget-heading\" data-id=\"b3af6ff\" data-element_type=\"widget\" data-e-type=\"widget\" data-widget_type=\"heading.default\">\n\t\t\t\t\t<h3 class=\"elementor-heading-title elementor-size-default\">Texas \u2014 En D\u00fc\u015f\u00fck S\u00fcrekli Uyum Maliyetleri \n<\/h3>\t\t\t\t<\/div>\n\t\t\t\t<div class=\"elementor-element elementor-element-339a229 elementor-widget elementor-widget-text-editor\" data-id=\"339a229\" data-element_type=\"widget\" data-e-type=\"widget\" data-widget_type=\"text-editor.default\">\n\t\t\t\t\t\t\t\t\t<p>Texas, \u00f6zellikle uzun vadeli operasyonlar i\u00e7in minimal y\u0131ll\u0131k maliyetlerle b\u00fcy\u00fck, g\u00fcvenilir bir eyalet isteyen ABD d\u0131\u015f\u0131ndaki i\u015fletme sahipleri i\u00e7in harika bir se\u00e7enektir.<\/p><p>Uluslararas\u0131 kurucular\u0131n Texas'\u0131 tercih etme nedenleri:<\/p><ul><li>Eyalet gelir vergisi yok<\/li><li>E\u015fi\u011fi a\u015fana kadar (yakla\u015f\u0131k 2,47 milyon $ y\u0131ll\u0131k gelir) franchise vergisi yok<\/li><li>Basit y\u0131ll\u0131k yenileme<\/li><li>B\u00fcy\u00fck ve sayg\u0131n i\u015f ortam\u0131<\/li><li>Lojistik, e-ticaret ve ithalat\/ihracat i\u00e7in g\u00fc\u00e7l\u00fc altyap\u0131<\/li><li>Texas, b\u00fcy\u00fck eyaletler aras\u0131nda en d\u00fc\u015f\u00fck s\u00fcrekli uyum maliyeti sunarak, a\u011f\u0131r y\u0131ll\u0131k \u00fccretler olmadan g\u00fcvenilir bir ABD varl\u0131\u011f\u0131 isteyen i\u015fletmeler i\u00e7in cazip bir se\u00e7enek sunmaktad\u0131r.<\/li><\/ul>\t\t\t\t\t\t\t\t<\/div>\n\t\t\t\t<\/div>\n\t\t\t\t<\/div>\n\t\t\t\t<\/div>\n\t\t\t\t<\/div>\n\t\t\t\t\t<\/div>\n\t\t\t\t<\/div>\n\t\t<div class=\"elementor-element elementor-element-bb2299d e-flex e-con-boxed e-con e-parent\" data-id=\"bb2299d\" data-element_type=\"container\" data-e-type=\"container\" data-settings=\"{&quot;background_background&quot;:&quot;classic&quot;}\">\n\t\t\t\t\t<div class=\"e-con-inner\">\n\t\t<div class=\"elementor-element elementor-element-25bc980 e-con-full e-flex e-con e-child\" data-id=\"25bc980\" data-element_type=\"container\" data-e-type=\"container\">\n\t\t\t\t<div class=\"elementor-element elementor-element-f63c7ed elementor-widget elementor-widget-elementskit-heading\" data-id=\"f63c7ed\" data-element_type=\"widget\" data-e-type=\"widget\" data-widget_type=\"elementskit-heading.default\">\n\t\t\t\t\t<div class=\"ekit-wid-con\" ><div class=\"ekit-heading elementskit-section-title-wraper text_center   ekit_heading_tablet-   ekit_heading_mobile-\"><h2 class=\"ekit-heading--title elementskit-section-title \">Hangi Eyaleti Se\u00e7melisiniz?<\/h2><div class=\"ekit_heading_separetor_wraper ekit_heading_elementskit-border-divider ekit-dotted\"><div class=\"elementskit-border-divider ekit-dotted\"><\/div><\/div><\/div><\/div>\t\t\t\t<\/div>\n\t\t\t\t<div class=\"elementor-element elementor-element-020c3e4 elementor-widget elementor-widget-tablepress-table\" data-id=\"020c3e4\" data-element_type=\"widget\" data-e-type=\"widget\" data-widget_type=\"tablepress-table.default\">\n\t\t\t\t\t\n<table id=\"tablepress-3\" class=\"tablepress tablepress-id-3\">\n<thead>\n<tr class=\"row-1\">\n\t<th class=\"column-1\">Situation<\/th><th class=\"column-2\">Best State<\/th><th class=\"column-3\">Reason<\/th>\n<\/tr>\n<\/thead>\n<tbody class=\"row-striping row-hover\">\n<tr class=\"row-2\">\n\t<td class=\"column-1\">You live in the U.S.<\/td><td class=\"column-2\">Your home state<\/td><td class=\"column-3\">Avoid double fees and foreign registration<\/td>\n<\/tr>\n<tr class=\"row-3\">\n\t<td class=\"column-1\">You live outside the U.S.<\/td><td class=\"column-2\">Wyoming<\/td><td class=\"column-3\">Lowest fees + privacy + simplicity<\/td>\n<\/tr>\n<tr class=\"row-4\">\n\t<td class=\"column-1\">You want investors\/VC<\/td><td class=\"column-2\">Delaware<\/td><td class=\"column-3\">Best legal framework for funding<\/td>\n<\/tr>\n<tr class=\"row-5\">\n\t<td class=\"column-1\">You want the lowest ongoing compliance costs<\/td><td class=\"column-2\">Texas<\/td><td class=\"column-3\">No state tax + threshold exemption<\/td>\n<\/tr>\n<tr class=\"row-6\">\n\t<td class=\"column-1\">You run an online business<\/td><td class=\"column-2\">Wyoming or Texas<\/td><td class=\"column-3\">Tax-friendly and easy to maintain<\/td>\n<\/tr>\n<tr class=\"row-7\">\n\t<td class=\"column-1\">You want strong privacy<\/td><td class=\"column-2\">Wyoming<\/td><td class=\"column-3\">No public owner listing<\/td>\n<\/tr>\n<tr class=\"row-8\">\n\t<td class=\"column-1\">You want a large economic environment<\/td><td class=\"column-2\">Texas<\/td><td class=\"column-3\">Big market + strong logistics<\/td>\n<\/tr>\n<\/tbody>\n<\/table>\n<!-- #tablepress-3 from cache -->\t\t\t\t<\/div>\n\t\t\t\t<\/div>\n\t\t\t\t\t<\/div>\n\t\t\t\t<\/div>\n\t\t<div class=\"elementor-element elementor-element-39135fae e-flex e-con-boxed e-con e-parent\" data-id=\"39135fae\" data-element_type=\"container\" data-e-type=\"container\">\n\t\t\t\t\t<div class=\"e-con-inner\">\n\t\t<div class=\"elementor-element elementor-element-7bfa6002 e-con-full e-flex e-con e-child\" data-id=\"7bfa6002\" data-element_type=\"container\" data-e-type=\"container\">\n\t\t<div class=\"elementor-element elementor-element-3a923dae e-con-full e-flex e-con e-child\" data-id=\"3a923dae\" data-element_type=\"container\" data-e-type=\"container\">\n\t\t<div class=\"elementor-element elementor-element-72034f81 e-con-full e-flex e-con e-child\" data-id=\"72034f81\" data-element_type=\"container\" data-e-type=\"container\">\n\t\t\t\t<div class=\"elementor-element elementor-element-537c6739 elementor-widget elementor-widget-image\" data-id=\"537c6739\" data-element_type=\"widget\" data-e-type=\"widget\" data-widget_type=\"image.default\">\n\t\t\t\t\t\t\t\t\t\t\t\t\t\t\t<img decoding=\"async\" width=\"800\" height=\"534\" src=\"https:\/\/myusafirm.com\/wp-content\/uploads\/2025\/12\/image-26-1024x683.webp\" class=\"attachment-large size-large wp-image-2908\" alt=\"image (26)\" srcset=\"https:\/\/myusafirm.com\/wp-content\/uploads\/2025\/12\/image-26-1024x683.webp 1024w, https:\/\/myusafirm.com\/wp-content\/uploads\/2025\/12\/image-26-300x200.webp 300w, https:\/\/myusafirm.com\/wp-content\/uploads\/2025\/12\/image-26-768x512.webp 768w, https:\/\/myusafirm.com\/wp-content\/uploads\/2025\/12\/image-26.webp 1263w\" sizes=\"(max-width: 800px) 100vw, 800px\" \/>\t\t\t\t\t\t\t\t\t\t\t\t\t\t\t<\/div>\n\t\t\t\t<\/div>\n\t\t<div class=\"elementor-element elementor-element-26329960 e-con-full e-flex e-con e-child\" data-id=\"26329960\" data-element_type=\"container\" data-e-type=\"container\">\n\t\t\t\t<div class=\"elementor-element elementor-element-2cda0ac2 elementor-widget elementor-widget-elementskit-heading\" data-id=\"2cda0ac2\" data-element_type=\"widget\" data-e-type=\"widget\" data-widget_type=\"elementskit-heading.default\">\n\t\t\t\t\t<div class=\"ekit-wid-con\" ><div class=\"ekit-heading elementskit-section-title-wraper text_left   ekit_heading_tablet-   ekit_heading_mobile-\"><h2 class=\"ekit-heading--title elementskit-section-title \">Se\u00e7im Yaparken Yard\u0131ma m\u0131 \u0130htiyac\u0131n\u0131z Var? <\/h2><div class=\"ekit_heading_separetor_wraper ekit_heading_elementskit-border-divider ekit-dotted\"><div class=\"elementskit-border-divider ekit-dotted\"><\/div><\/div><\/div><\/div>\t\t\t\t<\/div>\n\t\t\t\t<div class=\"elementor-element elementor-element-6fbee6ab elementor-widget elementor-widget-text-editor\" data-id=\"6fbee6ab\" data-element_type=\"widget\" data-e-type=\"widget\" data-widget_type=\"text-editor.default\">\n\t\t\t\t\t\t\t\t\t<p>\u015eunlar\u0131 de\u011ferlendiriyoruz:<\/p><ul><li>\u0130\u015f modeliniz<\/li><li>Nerede faaliyet g\u00f6sterdi\u011finiz<\/li><li>ABD vatanda\u015f\u0131 olup olmad\u0131\u011f\u0131n\u0131z<\/li><li>Vergi hedefleriniz<\/li><li>En basit kurulumu isteyip istemedi\u011finiz<\/li><li>Yat\u0131r\u0131mc\u0131lar, gizlilik veya d\u00fc\u015f\u00fck \u00fccretlerin \u00f6nemli olup olmad\u0131\u011f\u0131<\/li><li>E-ticaret veya pazar yeri gereklilikleri<\/li><li>D\u00fcr\u00fcst ve \u015feffaf rehberlik ile size en uygun eyaleti \u00f6neriyoruz.<\/li><\/ul>\t\t\t\t\t\t\t\t<\/div>\n\t\t\t\t<\/div>\n\t\t\t\t<\/div>\n\t\t\t\t<\/div>\n\t\t\t\t\t<\/div>\n\t\t\t\t<\/div>\n\t\t\t\t<\/div>\n\t\t","protected":false},"excerpt":{"rendered":"<p>Hangi Eyaleti Se\u00e7meliyim? Hangi Eyaleti Se\u00e7meliyim? LLC veya \u015eirketinizi Kurmak \u0130\u00e7in En \u0130yi Eyaleti Se\u00e7in Do\u011fru eyaleti se\u00e7mek, vergileri, gizlili\u011fi, g\u00fcvenilirli\u011fi ve uzun vadeli bak\u0131m maliyetlerini etkileyen \u00f6nemli bir karard\u0131r. A\u015fa\u011f\u0131da, ABD'de ikamet edenler ve ABD'li olmayanlar i\u00e7in, ne zaman kendi eyaletinizi se\u00e7meniz gerekti\u011fi ve ne zaman \u00fc\u00e7 pop\u00fcler i\u015f dostu eyaletin daha mant\u0131kl\u0131 oldu\u011fu [&hellip;]<\/p>\n","protected":false},"author":2,"featured_media":0,"parent":0,"menu_order":0,"comment_status":"closed","ping_status":"closed","template":"","meta":{"footnotes":""},"class_list":["post-2904","page","type-page","status-publish","hentry"],"_links":{"self":[{"href":"https:\/\/myusafirm.com\/tr\/wp-json\/wp\/v2\/pages\/2904","targetHints":{"allow":["GET"]}}],"collection":[{"href":"https:\/\/myusafirm.com\/tr\/wp-json\/wp\/v2\/pages"}],"about":[{"href":"https:\/\/myusafirm.com\/tr\/wp-json\/wp\/v2\/types\/page"}],"author":[{"embeddable":true,"href":"https:\/\/myusafirm.com\/tr\/wp-json\/wp\/v2\/users\/2"}],"replies":[{"embeddable":true,"href":"https:\/\/myusafirm.com\/tr\/wp-json\/wp\/v2\/comments?post=2904"}],"version-history":[{"count":7,"href":"https:\/\/myusafirm.com\/tr\/wp-json\/wp\/v2\/pages\/2904\/revisions"}],"predecessor-version":[{"id":6911,"href":"https:\/\/myusafirm.com\/tr\/wp-json\/wp\/v2\/pages\/2904\/revisions\/6911"}],"wp:attachment":[{"href":"https:\/\/myusafirm.com\/tr\/wp-json\/wp\/v2\/media?parent=2904"}],"curies":[{"name":"wp","href":"https:\/\/api.w.org\/{rel}","templated":true}]}}