{"id":3191,"date":"2025-10-29T13:00:59","date_gmt":"2025-10-29T13:00:59","guid":{"rendered":"https:\/\/myusafirm.com\/kurumsal-malzemeler\/"},"modified":"2026-01-29T09:20:32","modified_gmt":"2026-01-29T09:20:32","slug":"kurumsal-malzemeler","status":"publish","type":"page","link":"https:\/\/myusafirm.com\/tr\/kurumsal-malzemeler\/","title":{"rendered":"Kurumsal Malzemeler"},"content":{"rendered":"\t\t<div data-elementor-type=\"wp-page\" data-elementor-id=\"3191\" class=\"elementor elementor-3191 elementor-1760\" data-elementor-post-type=\"page\">\n\t\t\t\t<div class=\"elementor-element elementor-element-6a452608 e-flex e-con-boxed e-con e-parent\" data-id=\"6a452608\" data-element_type=\"container\" data-e-type=\"container\" data-settings=\"{&quot;background_background&quot;:&quot;classic&quot;}\">\n\t\t\t\t\t<div class=\"e-con-inner\">\n\t\t\t\t<div class=\"elementor-element elementor-element-7f3c4a8d elementor-widget elementor-widget-heading\" data-id=\"7f3c4a8d\" data-element_type=\"widget\" data-e-type=\"widget\" data-widget_type=\"heading.default\">\n\t\t\t\t\t<h1 class=\"elementor-heading-title elementor-size-default\">\u015eirket Kiti ve M\u00fchr\u00fc<\/h1>\t\t\t\t<\/div>\n\t\t\t\t\t<\/div>\n\t\t\t\t<\/div>\n\t\t<div class=\"elementor-element elementor-element-1f1909ee e-flex e-con-boxed e-con e-parent\" data-id=\"1f1909ee\" data-element_type=\"container\" data-e-type=\"container\">\n\t\t\t\t\t<div class=\"e-con-inner\">\n\t\t<div class=\"elementor-element elementor-element-5b7e15bb e-con-full e-flex e-con e-child\" data-id=\"5b7e15bb\" data-element_type=\"container\" data-e-type=\"container\">\n\t\t<div class=\"elementor-element elementor-element-5327fb49 e-con-full e-flex e-con e-child\" data-id=\"5327fb49\" data-element_type=\"container\" data-e-type=\"container\">\n\t\t\t\t<div class=\"elementor-element elementor-element-6e496eff elementor-widget elementor-widget-image\" data-id=\"6e496eff\" data-element_type=\"widget\" data-e-type=\"widget\" data-widget_type=\"image.default\">\n\t\t\t\t\t\t\t\t\t\t\t\t\t\t\t<img fetchpriority=\"high\" decoding=\"async\" width=\"800\" height=\"534\" src=\"https:\/\/myusafirm.com\/wp-content\/uploads\/2026\/01\/Professional-Corporate-Kit-1024x683.webp\" class=\"attachment-large size-large wp-image-9764\" alt=\"Professional Corporate Kit\" srcset=\"https:\/\/myusafirm.com\/wp-content\/uploads\/2026\/01\/Professional-Corporate-Kit-1024x683.webp 1024w, https:\/\/myusafirm.com\/wp-content\/uploads\/2026\/01\/Professional-Corporate-Kit-300x200.webp 300w, https:\/\/myusafirm.com\/wp-content\/uploads\/2026\/01\/Professional-Corporate-Kit-768x512.webp 768w, https:\/\/myusafirm.com\/wp-content\/uploads\/2026\/01\/Professional-Corporate-Kit-1536x1024.webp 1536w, https:\/\/myusafirm.com\/wp-content\/uploads\/2026\/01\/Professional-Corporate-Kit.webp 1920w\" sizes=\"(max-width: 800px) 100vw, 800px\" \/>\t\t\t\t\t\t\t\t\t\t\t\t\t\t\t<\/div>\n\t\t\t\t<\/div>\n\t\t<div class=\"elementor-element elementor-element-2d7af37c e-con-full e-flex e-con e-child\" data-id=\"2d7af37c\" data-element_type=\"container\" data-e-type=\"container\">\n\t\t\t\t<div class=\"elementor-element elementor-element-45ae471a elementor-align-left elementor-widget elementor-widget-button\" data-id=\"45ae471a\" data-element_type=\"widget\" data-e-type=\"widget\" data-widget_type=\"button.default\">\n\t\t\t\t\t\t\t\t\t\t<a class=\"elementor-button elementor-size-sm\" role=\"button\">\n\t\t\t\t\t\t<span class=\"elementor-button-content-wrapper\">\n\t\t\t\t\t\t\t\t\t<span class=\"elementor-button-text\">\u015eirket Kiti ve M\u00fchr\u00fc<\/span>\n\t\t\t\t\t<\/span>\n\t\t\t\t\t<\/a>\n\t\t\t\t\t\t\t\t<\/div>\n\t\t\t\t<div class=\"elementor-element elementor-element-7add3fcc elementor-widget elementor-widget-elementskit-heading\" data-id=\"7add3fcc\" data-element_type=\"widget\" data-e-type=\"widget\" data-widget_type=\"elementskit-heading.default\">\n\t\t\t\t\t<div class=\"ekit-wid-con\" ><div class=\"ekit-heading elementskit-section-title-wraper text_left   ekit_heading_tablet-   ekit_heading_mobile-\"><h2 class=\"ekit-heading--title elementskit-section-title \">M\u00fch\u00fcr ve Hisse Senetleri \u0130\u00e7eren Profesyonel Kurumsal Kit<\/h2><div class=\"ekit_heading_separetor_wraper ekit_heading_elementskit-border-divider ekit-dotted\"><div class=\"elementskit-border-divider ekit-dotted\"><\/div><\/div><\/div><\/div>\t\t\t\t<\/div>\n\t\t\t\t<div class=\"elementor-element elementor-element-6431d95e elementor-widget elementor-widget-text-editor\" data-id=\"6431d95e\" data-element_type=\"widget\" data-e-type=\"widget\" data-widget_type=\"text-editor.default\">\n\t\t\t\t\t\t\t\t\t<p>Tek bir fiyatla eksiksiz, premium kalitede kurumsal kit edinebilirsiniz \u2014 sadece 99,00$.<br>Profesyonel dok\u00fcmantasyon, sahiplik kay\u0131tlar\u0131 ve \u00f6zel \u015firket m\u00fchr\u00fc isteyen LLC'ler, \u015eirketler ve Ortakl\u0131klar i\u00e7in m\u00fckemmel.<\/p>\t\t\t\t\t\t\t\t<\/div>\n\t\t\t\t<\/div>\n\t\t\t\t<\/div>\n\t\t<div class=\"elementor-element elementor-element-31005269 e-con-full e-flex e-con e-child\" data-id=\"31005269\" data-element_type=\"container\" data-e-type=\"container\">\n\t\t<div class=\"elementor-element elementor-element-5fa3b607 e-con-full e-flex e-con e-child\" data-id=\"5fa3b607\" data-element_type=\"container\" data-e-type=\"container\">\n\t\t\t\t<div class=\"elementor-element elementor-element-4bf93700 elementor-widget elementor-widget-image\" data-id=\"4bf93700\" data-element_type=\"widget\" data-e-type=\"widget\" data-widget_type=\"image.default\">\n\t\t\t\t\t\t\t\t\t\t\t\t\t\t\t<img decoding=\"async\" width=\"800\" height=\"448\" src=\"https:\/\/myusafirm.com\/wp-content\/uploads\/2026\/01\/durable-corporate-book-1024x574.webp\" class=\"attachment-large size-large wp-image-9765\" alt=\"durable corporate book\" srcset=\"https:\/\/myusafirm.com\/wp-content\/uploads\/2026\/01\/durable-corporate-book-1024x574.webp 1024w, https:\/\/myusafirm.com\/wp-content\/uploads\/2026\/01\/durable-corporate-book-300x168.webp 300w, https:\/\/myusafirm.com\/wp-content\/uploads\/2026\/01\/durable-corporate-book-768x430.webp 768w, https:\/\/myusafirm.com\/wp-content\/uploads\/2026\/01\/durable-corporate-book-1536x861.webp 1536w, https:\/\/myusafirm.com\/wp-content\/uploads\/2026\/01\/durable-corporate-book.webp 1920w\" sizes=\"(max-width: 800px) 100vw, 800px\" \/>\t\t\t\t\t\t\t\t\t\t\t\t\t\t\t<\/div>\n\t\t\t\t<\/div>\n\t\t<div class=\"elementor-element elementor-element-322db2ad e-con-full e-flex e-con e-child\" data-id=\"322db2ad\" data-element_type=\"container\" data-e-type=\"container\">\n\t\t\t\t<div class=\"elementor-element elementor-element-371820f4 elementor-align-left elementor-widget elementor-widget-button\" data-id=\"371820f4\" data-element_type=\"widget\" data-e-type=\"widget\" data-widget_type=\"button.default\">\n\t\t\t\t\t\t\t\t\t\t<a class=\"elementor-button elementor-size-sm\" role=\"button\">\n\t\t\t\t\t\t<span class=\"elementor-button-content-wrapper\">\n\t\t\t\t\t\t\t\t\t<span class=\"elementor-button-text\">\u015eirket Kiti ve M\u00fchr\u00fc<\/span>\n\t\t\t\t\t<\/span>\n\t\t\t\t\t<\/a>\n\t\t\t\t\t\t\t\t<\/div>\n\t\t\t\t<div class=\"elementor-element elementor-element-562c560c elementor-widget elementor-widget-elementskit-heading\" data-id=\"562c560c\" data-element_type=\"widget\" data-e-type=\"widget\" data-widget_type=\"elementskit-heading.default\">\n\t\t\t\t\t<div class=\"ekit-wid-con\" ><div class=\"ekit-heading elementskit-section-title-wraper text_left   ekit_heading_tablet-   ekit_heading_mobile-\"><h2 class=\"ekit-heading--title elementskit-section-title \">99,00$ Kar\u015f\u0131l\u0131\u011f\u0131nda Neler Dahil<\/h2><div class=\"ekit_heading_separetor_wraper ekit_heading_elementskit-border-divider ekit-dotted\"><div class=\"elementskit-border-divider ekit-dotted\"><\/div><\/div><\/div><\/div>\t\t\t\t<\/div>\n\t\t\t\t<div class=\"elementor-element elementor-element-17a08755 elementor-widget elementor-widget-text-editor\" data-id=\"17a08755\" data-element_type=\"widget\" data-e-type=\"widget\" data-widget_type=\"text-editor.default\">\n\t\t\t\t\t\t\t\t\t<p>Kurumsal Kay\u0131t Kiti (Klas\u00f6r)<\/p><p>Kapa\u011f\u0131nda \u015firket ad\u0131n\u0131z\u0131n bas\u0131l\u0131 oldu\u011fu profesyonel, dayan\u0131kl\u0131 bir kurumsal kitap.<br>\u0130\u00e7indekiler:<\/p><ul><li>Organizasyonel belgeler (sa\u011flanm\u0131\u015fsa)<\/li><li>Kolay kay\u0131t tutma i\u00e7in ayra\u00e7 sekmeleri<\/li><li>Sahiplik defteri<\/li><li>Toplant\u0131 tutanaklar\u0131 ve karar \u015fablonlar\u0131<\/li><\/ul>\t\t\t\t\t\t\t\t<\/div>\n\t\t\t\t<\/div>\n\t\t\t\t<\/div>\n\t\t<div class=\"elementor-element elementor-element-1e006d6 e-con-full e-flex e-con e-child\" data-id=\"1e006d6\" data-element_type=\"container\" data-e-type=\"container\">\n\t\t<div class=\"elementor-element elementor-element-519aa2df e-con-full e-flex e-con e-child\" data-id=\"519aa2df\" data-element_type=\"container\" data-e-type=\"container\">\n\t\t\t\t<div class=\"elementor-element elementor-element-79374a9e elementor-widget elementor-widget-image\" data-id=\"79374a9e\" data-element_type=\"widget\" data-e-type=\"widget\" data-widget_type=\"image.default\">\n\t\t\t\t\t\t\t\t\t\t\t\t\t\t\t<img decoding=\"async\" width=\"800\" height=\"534\" src=\"https:\/\/myusafirm.com\/wp-content\/uploads\/2026\/01\/Custom-Company-Seal-1024x684.webp\" class=\"attachment-large size-large wp-image-9783\" alt=\"Custom Company Seal\" srcset=\"https:\/\/myusafirm.com\/wp-content\/uploads\/2026\/01\/Custom-Company-Seal-1024x684.webp 1024w, https:\/\/myusafirm.com\/wp-content\/uploads\/2026\/01\/Custom-Company-Seal-300x200.webp 300w, https:\/\/myusafirm.com\/wp-content\/uploads\/2026\/01\/Custom-Company-Seal-768x513.webp 768w, https:\/\/myusafirm.com\/wp-content\/uploads\/2026\/01\/Custom-Company-Seal-1536x1026.webp 1536w, https:\/\/myusafirm.com\/wp-content\/uploads\/2026\/01\/Custom-Company-Seal.webp 1920w\" sizes=\"(max-width: 800px) 100vw, 800px\" \/>\t\t\t\t\t\t\t\t\t\t\t\t\t\t\t<\/div>\n\t\t\t\t<\/div>\n\t\t<div class=\"elementor-element elementor-element-b8c38e4 e-con-full e-flex e-con e-child\" data-id=\"b8c38e4\" data-element_type=\"container\" data-e-type=\"container\">\n\t\t\t\t<div class=\"elementor-element elementor-element-3a5c8bdb elementor-align-left elementor-widget elementor-widget-button\" data-id=\"3a5c8bdb\" data-element_type=\"widget\" data-e-type=\"widget\" data-widget_type=\"button.default\">\n\t\t\t\t\t\t\t\t\t\t<a class=\"elementor-button elementor-size-sm\" role=\"button\">\n\t\t\t\t\t\t<span class=\"elementor-button-content-wrapper\">\n\t\t\t\t\t\t\t\t\t<span class=\"elementor-button-text\">\u015eirket Kiti ve M\u00fchr\u00fc<\/span>\n\t\t\t\t\t<\/span>\n\t\t\t\t\t<\/a>\n\t\t\t\t\t\t\t\t<\/div>\n\t\t\t\t<div class=\"elementor-element elementor-element-2212e639 elementor-widget elementor-widget-elementskit-heading\" data-id=\"2212e639\" data-element_type=\"widget\" data-e-type=\"widget\" data-widget_type=\"elementskit-heading.default\">\n\t\t\t\t\t<div class=\"ekit-wid-con\" ><div class=\"ekit-heading elementskit-section-title-wraper text_left   ekit_heading_tablet-   ekit_heading_mobile-\"><h2 class=\"ekit-heading--title elementskit-section-title \">\u00d6zel \u015eirket M\u00fchr\u00fc (Kabartma)<\/h2><div class=\"ekit_heading_separetor_wraper ekit_heading_elementskit-border-divider ekit-dotted\"><div class=\"elementskit-border-divider ekit-dotted\"><\/div><\/div><\/div><\/div>\t\t\t\t<\/div>\n\t\t\t\t<div class=\"elementor-element elementor-element-4c93cd8f elementor-widget elementor-widget-text-editor\" data-id=\"4c93cd8f\" data-element_type=\"widget\" data-e-type=\"widget\" data-widget_type=\"text-editor.default\">\n\t\t\t\t\t\t\t\t\t<p>A\u015fa\u011f\u0131dakilerle \u00f6zelle\u015ftirilmi\u015f y\u00fcksek kaliteli metal m\u00fch\u00fcr:<\/p><ul><li>\u015eirket ad\u0131<\/li><li>Kurulu\u015f y\u0131l\u0131<\/li><li>Kurulu\u015f eyaleti<\/li><li>Resmi belgeleri, anla\u015fmalar\u0131 ve kay\u0131tlar\u0131 damgalamak i\u00e7in m\u00fckemmel.<\/li><\/ul>\t\t\t\t\t\t\t\t<\/div>\n\t\t\t\t<\/div>\n\t\t\t\t<\/div>\n\t\t<div class=\"elementor-element elementor-element-d2ac7b3 e-con-full e-flex e-con e-child\" data-id=\"d2ac7b3\" data-element_type=\"container\" data-e-type=\"container\">\n\t\t<div class=\"elementor-element elementor-element-0084363 e-con-full e-flex e-con e-child\" data-id=\"0084363\" data-element_type=\"container\" data-e-type=\"container\">\n\t\t\t\t<div class=\"elementor-element elementor-element-51a66cc elementor-widget elementor-widget-image\" data-id=\"51a66cc\" data-element_type=\"widget\" data-e-type=\"widget\" data-widget_type=\"image.default\">\n\t\t\t\t\t\t\t\t\t\t\t\t\t\t\t<img loading=\"lazy\" decoding=\"async\" width=\"800\" height=\"530\" src=\"https:\/\/myusafirm.com\/wp-content\/uploads\/2026\/01\/Stock-Certificates-1024x678.webp\" class=\"attachment-large size-large wp-image-9808\" alt=\"Stock Certificates\" srcset=\"https:\/\/myusafirm.com\/wp-content\/uploads\/2026\/01\/Stock-Certificates-1024x678.webp 1024w, https:\/\/myusafirm.com\/wp-content\/uploads\/2026\/01\/Stock-Certificates-300x199.webp 300w, https:\/\/myusafirm.com\/wp-content\/uploads\/2026\/01\/Stock-Certificates-768x509.webp 768w, https:\/\/myusafirm.com\/wp-content\/uploads\/2026\/01\/Stock-Certificates-1536x1018.webp 1536w, https:\/\/myusafirm.com\/wp-content\/uploads\/2026\/01\/Stock-Certificates.webp 1920w\" sizes=\"(max-width: 800px) 100vw, 800px\" \/>\t\t\t\t\t\t\t\t\t\t\t\t\t\t\t<\/div>\n\t\t\t\t<\/div>\n\t\t<div class=\"elementor-element elementor-element-7018acb e-con-full e-flex e-con e-child\" data-id=\"7018acb\" data-element_type=\"container\" data-e-type=\"container\">\n\t\t\t\t<div class=\"elementor-element elementor-element-9e25577 elementor-align-left elementor-widget elementor-widget-button\" data-id=\"9e25577\" data-element_type=\"widget\" data-e-type=\"widget\" data-widget_type=\"button.default\">\n\t\t\t\t\t\t\t\t\t\t<a class=\"elementor-button elementor-size-sm\" role=\"button\">\n\t\t\t\t\t\t<span class=\"elementor-button-content-wrapper\">\n\t\t\t\t\t\t\t\t\t<span class=\"elementor-button-text\">\u015eirket Kiti ve M\u00fchr\u00fc<\/span>\n\t\t\t\t\t<\/span>\n\t\t\t\t\t<\/a>\n\t\t\t\t\t\t\t\t<\/div>\n\t\t\t\t<div class=\"elementor-element elementor-element-1c80e1e elementor-widget elementor-widget-elementskit-heading\" data-id=\"1c80e1e\" data-element_type=\"widget\" data-e-type=\"widget\" data-widget_type=\"elementskit-heading.default\">\n\t\t\t\t\t<div class=\"ekit-wid-con\" ><div class=\"ekit-heading elementskit-section-title-wraper text_left   ekit_heading_tablet-   ekit_heading_mobile-\"><h2 class=\"ekit-heading--title elementskit-section-title \">Hisse Senetleri \/ \u00dcyelik Sertifikalar\u0131<\/h2><div class=\"ekit_heading_separetor_wraper ekit_heading_elementskit-border-divider ekit-dotted\"><div class=\"elementskit-border-divider ekit-dotted\"><\/div><\/div><\/div><\/div>\t\t\t\t<\/div>\n\t\t\t\t<div class=\"elementor-element elementor-element-e46272c elementor-widget elementor-widget-text-editor\" data-id=\"e46272c\" data-element_type=\"widget\" data-e-type=\"widget\" data-widget_type=\"text-editor.default\">\n\t\t\t\t\t\t\t\t\t<p>\u015eunlar i\u00e7in g\u00fczel tasarlanm\u0131\u015f sertifikalar:<\/p><ul><li>\u015eirket hisse ihrac\u0131<\/li><li>LLC \u00fcyelik birimleri<\/li><li>Yat\u0131r\u0131mc\u0131 veya ortak dok\u00fcmantasyonu<\/li><li>Do\u011fru sahiplik takibi i\u00e7in seri numaral\u0131.<\/li><\/ul>\t\t\t\t\t\t\t\t<\/div>\n\t\t\t\t<\/div>\n\t\t\t\t<\/div>\n\t\t<div class=\"elementor-element elementor-element-ab28846 e-con-full e-flex e-con e-child\" data-id=\"ab28846\" data-element_type=\"container\" data-e-type=\"container\">\n\t\t<div class=\"elementor-element elementor-element-2ff257f e-con-full e-flex e-con e-child\" data-id=\"2ff257f\" data-element_type=\"container\" data-e-type=\"container\">\n\t\t\t\t<div class=\"elementor-element elementor-element-610b25c elementor-widget elementor-widget-image\" data-id=\"610b25c\" data-element_type=\"widget\" data-e-type=\"widget\" data-widget_type=\"image.default\">\n\t\t\t\t\t\t\t\t\t\t\t\t\t\t\t<img loading=\"lazy\" decoding=\"async\" width=\"800\" height=\"436\" src=\"https:\/\/myusafirm.com\/wp-content\/uploads\/2026\/01\/attorneys-expect-1024x558.webp\" class=\"attachment-large size-large wp-image-9809\" alt=\"attorneys expect\" srcset=\"https:\/\/myusafirm.com\/wp-content\/uploads\/2026\/01\/attorneys-expect-1024x558.webp 1024w, https:\/\/myusafirm.com\/wp-content\/uploads\/2026\/01\/attorneys-expect-300x164.webp 300w, https:\/\/myusafirm.com\/wp-content\/uploads\/2026\/01\/attorneys-expect-768x419.webp 768w, https:\/\/myusafirm.com\/wp-content\/uploads\/2026\/01\/attorneys-expect-1536x838.webp 1536w, https:\/\/myusafirm.com\/wp-content\/uploads\/2026\/01\/attorneys-expect.webp 1920w\" sizes=\"(max-width: 800px) 100vw, 800px\" \/>\t\t\t\t\t\t\t\t\t\t\t\t\t\t\t<\/div>\n\t\t\t\t<\/div>\n\t\t<div class=\"elementor-element elementor-element-efc4fb4 e-con-full e-flex e-con e-child\" data-id=\"efc4fb4\" data-element_type=\"container\" data-e-type=\"container\">\n\t\t\t\t<div class=\"elementor-element elementor-element-793e69e elementor-align-left elementor-widget elementor-widget-button\" data-id=\"793e69e\" data-element_type=\"widget\" data-e-type=\"widget\" data-widget_type=\"button.default\">\n\t\t\t\t\t\t\t\t\t\t<a class=\"elementor-button elementor-size-sm\" role=\"button\">\n\t\t\t\t\t\t<span class=\"elementor-button-content-wrapper\">\n\t\t\t\t\t\t\t\t\t<span class=\"elementor-button-text\">\u015eirket Kiti ve M\u00fchr\u00fc<\/span>\n\t\t\t\t\t<\/span>\n\t\t\t\t\t<\/a>\n\t\t\t\t\t\t\t\t<\/div>\n\t\t\t\t<div class=\"elementor-element elementor-element-2da1397 elementor-widget elementor-widget-elementskit-heading\" data-id=\"2da1397\" data-element_type=\"widget\" data-e-type=\"widget\" data-widget_type=\"elementskit-heading.default\">\n\t\t\t\t\t<div class=\"ekit-wid-con\" ><div class=\"ekit-heading elementskit-section-title-wraper text_left   ekit_heading_tablet-   ekit_heading_mobile-\"><h2 class=\"ekit-heading--title elementskit-section-title \">Neden Bizim Kurumsal Kitimizi Se\u00e7melisiniz?<\/h2><div class=\"ekit_heading_separetor_wraper ekit_heading_elementskit-border-divider ekit-dotted\"><div class=\"elementskit-border-divider ekit-dotted\"><\/div><\/div><\/div><\/div>\t\t\t\t<\/div>\n\t\t\t\t<div class=\"elementor-element elementor-element-5c11ba1 elementor-widget elementor-widget-text-editor\" data-id=\"5c11ba1\" data-element_type=\"widget\" data-e-type=\"widget\" data-widget_type=\"text-editor.default\">\n\t\t\t\t\t\t\t\t\t<p>Tek bir fiyat \u2014 99,00$ sabit<\/p><p>Profesyonel tasar\u0131m<\/p><p>\u015eirketinize \u00f6zel tam \u00f6zelle\u015ftirme<\/p><p>Bankalar, Mali M\u00fc\u015favirler ve avukatlar\u0131n bekledi\u011fi her \u015fey dahil<\/p><p>Uygun kurumsal y\u00f6netim ve kay\u0131t tutma i\u00e7in gerekli<\/p>\t\t\t\t\t\t\t\t<\/div>\n\t\t\t\t<\/div>\n\t\t\t\t<\/div>\n\t\t\t\t\t<\/div>\n\t\t\t\t<\/div>\n\t\t\t\t<\/div>\n\t\t","protected":false},"excerpt":{"rendered":"<p>\u015eirket Kiti ve M\u00fchr\u00fc \u015eirket Kiti ve M\u00fchr\u00fc M\u00fch\u00fcr ve Hisse Senetleri \u0130\u00e7eren Profesyonel Kurumsal Kit Tek bir fiyatla eksiksiz, premium kalitede kurumsal kit edinebilirsiniz \u2014 sadece 99,00$.Profesyonel dok\u00fcmantasyon, sahiplik kay\u0131tlar\u0131 ve \u00f6zel \u015firket m\u00fchr\u00fc isteyen LLC'ler, \u015eirketler ve Ortakl\u0131klar i\u00e7in m\u00fckemmel. \u015eirket Kiti ve M\u00fchr\u00fc 99,00$ Kar\u015f\u0131l\u0131\u011f\u0131nda Neler Dahil Kurumsal Kay\u0131t Kiti (Klas\u00f6r) Kapa\u011f\u0131nda [&hellip;]<\/p>\n","protected":false},"author":2,"featured_media":0,"parent":0,"menu_order":0,"comment_status":"closed","ping_status":"closed","template":"","meta":{"footnotes":""},"class_list":["post-3191","page","type-page","status-publish","hentry"],"_links":{"self":[{"href":"https:\/\/myusafirm.com\/tr\/wp-json\/wp\/v2\/pages\/3191","targetHints":{"allow":["GET"]}}],"collection":[{"href":"https:\/\/myusafirm.com\/tr\/wp-json\/wp\/v2\/pages"}],"about":[{"href":"https:\/\/myusafirm.com\/tr\/wp-json\/wp\/v2\/types\/page"}],"author":[{"embeddable":true,"href":"https:\/\/myusafirm.com\/tr\/wp-json\/wp\/v2\/users\/2"}],"replies":[{"embeddable":true,"href":"https:\/\/myusafirm.com\/tr\/wp-json\/wp\/v2\/comments?post=3191"}],"version-history":[{"count":6,"href":"https:\/\/myusafirm.com\/tr\/wp-json\/wp\/v2\/pages\/3191\/revisions"}],"predecessor-version":[{"id":9810,"href":"https:\/\/myusafirm.com\/tr\/wp-json\/wp\/v2\/pages\/3191\/revisions\/9810"}],"wp:attachment":[{"href":"https:\/\/myusafirm.com\/tr\/wp-json\/wp\/v2\/media?parent=3191"}],"curies":[{"name":"wp","href":"https:\/\/api.w.org\/{rel}","templated":true}]}}